{"id":48,"date":"2020-06-02T00:06:52","date_gmt":"2020-06-02T00:06:52","guid":{"rendered":"http:\/\/agitasjon.no\/agitasjon\/?page_id=48"},"modified":"2020-06-02T00:07:53","modified_gmt":"2020-06-02T00:07:53","slug":"om","status":"publish","type":"page","link":"http:\/\/agitasjon.no\/agitasjon\/om\/","title":{"rendered":"Om"},"content":{"rendered":"\n<p>agitasjon er en politisk blogg med artikler om sosial urettferdighet, feminisme, milj\u00f8 og antirasisme. Agitasjonen er partipolitisk uavhengig og drives uten \u00f8konomisk st\u00f8tte. <\/p>\n","protected":false},"excerpt":{"rendered":"<p>agitasjon er en politisk blogg med artikler om sosial urettferdighet, feminisme, milj\u00f8 og antirasisme. Agitasjonen er partipolitisk uavhengig og drives uten \u00f8konomisk st\u00f8tte.<\/p>\n","protected":false},"author":1,"featured_media":0,"parent":0,"menu_order":0,"comment_status":"closed","ping_status":"closed","template":"","meta":[],"_links":{"self":[{"href":"http:\/\/agitasjon.no\/agitasjon\/wp-json\/wp\/v2\/pages\/48"}],"collection":[{"href":"http:\/\/agitasjon.no\/agitasjon\/wp-json\/wp\/v2\/pages"}],"about":[{"href":"http:\/\/agitasjon.no\/agitasjon\/wp-json\/wp\/v2\/types\/page"}],"author":[{"embeddable":true,"href":"http:\/\/agitasjon.no\/agitasjon\/wp-json\/wp\/v2\/users\/1"}],"replies":[{"embeddable":true,"href":"http:\/\/agitasjon.no\/agitasjon\/wp-json\/wp\/v2\/comments?post=48"}],"version-history":[{"count":2,"href":"http:\/\/agitasjon.no\/agitasjon\/wp-json\/wp\/v2\/pages\/48\/revisions"}],"predecessor-version":[{"id":50,"href":"http:\/\/agitasjon.no\/agitasjon\/wp-json\/wp\/v2\/pages\/48\/revisions\/50"}],"wp:attachment":[{"href":"http:\/\/agitasjon.no\/agitasjon\/wp-json\/wp\/v2\/media?parent=48"}],"curies":[{"name":"wp","href":"https:\/\/api.w.org\/{rel}","templated":true}]}}